{"id":1009,"date":"2019-06-26T17:14:54","date_gmt":"2019-06-26T22:14:54","guid":{"rendered":"http:\/\/cedral-slp.gob.mx\/2018-2021\/?page_id=1009"},"modified":"2019-06-30T19:13:01","modified_gmt":"2019-07-01T00:13:01","slug":"sala-de-prensa","status":"publish","type":"page","link":"https:\/\/cedral-slp.gob.mx\/2018-2021\/sala-de-prensa\/","title":{"rendered":"SALA DE PRENSA"},"content":{"rendered":"\n<div class=\"wp-block-uagb-advanced-heading\" id=\"uagb-adv-heading-d546bacc-aa09-4b84-b182-16b5399227d1\"><h2 class=\"uagb-heading-text\"> SALA DE PRENSA <\/h2><div class=\"uagb-separator-wrap\"><div class=\"uagb-separator\"><\/div><\/div><p class=\"uagb-desc-text\"> <strong>\u00a1BIENVENIDO DE NUEVO!<\/strong><\/p><\/div>\n\n\n\n<p style=\"color:#212121;text-align:center\" class=\"has-text-color\"><strong>Notas de prensa de las obras y acciones en mejora del municipio de Cedral, San Luis Potos\u00ed, emprendidas el H. Ayuntamiento 2018 \u2013 2021, as\u00ed como avisos de eventos culturales y art\u00edsticos del municipio.<\/strong><\/p>\n\n\n\n<section class=\"wp-block-uagb-section uagb-section__wrap uagb-section__background-undefined\" id=\"uagb-section-296a8769-a393-4a0e-b927-db9d0f78284a\"><div class=\"uagb-section__overlay\"><\/div><div class=\"uagb-section__inner-wrap\">\n\t\t\t<div class=\"uagb-post-grid  uagb-post__image-position-background uagb-block-e3e43c92-44d6-44bd-a713-82edb7d87926   \" data-total=\"2\">\n\n\t\t\t\t<div class=\"uagb-post__items uagb-post__columns-2 is-grid uagb-post__columns-tablet-2 uagb-post__columns-mobile-1 uagb-post__equal-height\">\n\n\t\t\t\t\t\t\t\t<article >\n\t\t\t\t\t\t\t\t\t\t<div class=\"uagb-post__inner-wrap\">\n\t\t\t\t\t\t\t\t\t<a class=\"uagb-post__link-complete-box\" href=\"https:\/\/cedral-slp.gob.mx\/2018-2021\/2do-informe-de-gobierno\/\" target=\"_self\" rel=\"bookmark noopener noreferrer\"><\/a>\n\t\t\t\t\t\t\t\t\t\t\t\t<div class='uagb-post__text'> \n\t\t\t\t<h3 class=\"uagb-post__title\">\n\t\t\t\t\t<a href=\"https:\/\/cedral-slp.gob.mx\/2018-2021\/2do-informe-de-gobierno\/\" target=\"_self\" rel=\"bookmark noopener noreferrer\">2do Informe de Gobierno<\/a>\n\t\t\t\t<\/h3>\n\t\t\t<\/div>\n\t\t\t\t\t\t<div class='uagb-post__text'> \n\t\t\t<div class=\"uagb-post-grid-byline\">\n\t\t\t\t\t\t\t\t<time datetime=\"2020-10-19T12:58:02-05:00\" class=\"uagb-post__date\">\n\t\t\t\t\t<span class=\"dashicons-calendar dashicons\"><\/span>\n\t\t\t\t\t19 octubre, 2020\t\t\t\t<\/time>\n\t\t\t\t\t\t<\/div>\n\t\t\t<\/div>\n\t\t\t\t\t\t\t<div class='uagb-post__text'> \n\t\t\t\t\t<div class=\"uagb-post__excerpt\">\n\t\t\t\t\t\thttps:\/\/www.facebook.com\/CedralMunicipio\/videos\/2765319960366817\/\nV\u00eddeo del Segundo Informe de Gobierno\t\t\t\t\t<\/div>\n\t\t\t<\/div>\n\t\t\t\t\t\t<div class='uagb-post__text'> \n\t\t\t\t<div class=\"uagb-post__cta\">\n\t\t\t\t\t<a class=\"uagb-post__link uagb-text-link\" href=\"https:\/\/cedral-slp.gob.mx\/2018-2021\/2do-informe-de-gobierno\/\" target=\"_self\" rel=\"bookmark noopener noreferrer\">Leer M\u00e1s<\/a>\n\t\t\t\t<\/div>\n\t\t\t<\/div>\n\t\t\t\t\t\t\t\t<\/div>\n\t\t\t\t\t\t\t\t\t<\/article>\n\t\t\t\t\t\t\t\t<article >\n\t\t\t\t\t\t\t\t\t\t<div class=\"uagb-post__inner-wrap\">\n\t\t\t\t\t\t\t\t\t<a class=\"uagb-post__link-complete-box\" href=\"https:\/\/cedral-slp.gob.mx\/2018-2021\/tercera-entrega-del-programa-emergente-de-atencion-al-estiaje\/\" target=\"_self\" rel=\"bookmark noopener noreferrer\"><\/a>\n\t\t\t\t\t\t\t\t\t\t\t\t<div class='uagb-post__image'>\n\t\t\t\t<a href=\"https:\/\/cedral-slp.gob.mx\/2018-2021\/tercera-entrega-del-programa-emergente-de-atencion-al-estiaje\/\" target=\"_self\" rel=\"bookmark noopener noreferrer\"><img width=\"300\" height=\"168\" src=\"https:\/\/cedral-slp.gob.mx\/2018-2021\/wp-content\/uploads\/2019\/06\/estiaje-300x168.jpg\" class=\"attachment-medium size-medium\" alt=\"\" loading=\"lazy\" srcset=\"https:\/\/cedral-slp.gob.mx\/2018-2021\/wp-content\/uploads\/2019\/06\/estiaje-300x168.jpg 300w, https:\/\/cedral-slp.gob.mx\/2018-2021\/wp-content\/uploads\/2019\/06\/estiaje-768x430.jpg 768w, https:\/\/cedral-slp.gob.mx\/2018-2021\/wp-content\/uploads\/2019\/06\/estiaje.jpg 960w\" sizes=\"(max-width: 300px) 100vw, 300px\" \/>\t\t\t\t<\/a>\n\t\t\t<\/div>\n\t\t\t\t\t\t<div class='uagb-post__text'> \n\t\t\t\t<h3 class=\"uagb-post__title\">\n\t\t\t\t\t<a href=\"https:\/\/cedral-slp.gob.mx\/2018-2021\/tercera-entrega-del-programa-emergente-de-atencion-al-estiaje\/\" target=\"_self\" rel=\"bookmark noopener noreferrer\">Tercera entrega del programa emergente de atenci\u00f3n al estiaje<\/a>\n\t\t\t\t<\/h3>\n\t\t\t<\/div>\n\t\t\t\t\t\t<div class='uagb-post__text'> \n\t\t\t<div class=\"uagb-post-grid-byline\">\n\t\t\t\t\t\t\t\t<time datetime=\"2019-06-26T22:10:08-05:00\" class=\"uagb-post__date\">\n\t\t\t\t\t<span class=\"dashicons-calendar dashicons\"><\/span>\n\t\t\t\t\t26 junio, 2019\t\t\t\t<\/time>\n\t\t\t\t\t\t<\/div>\n\t\t\t<\/div>\n\t\t\t\t\t\t\t<div class='uagb-post__text'> \n\t\t\t\t\t<div class=\"uagb-post__excerpt\">\n\t\t\t\t\t\tEl d\u00eda de ayer, el Presidente Municipal, Prof. Jos\u00e9 Homero Mata Camarillo realizo la entrega del programa atenci\u00f3n al estiaje&#8230;\t\t\t\t\t<\/div>\n\t\t\t<\/div>\n\t\t\t\t\t\t<div class='uagb-post__text'> \n\t\t\t\t<div class=\"uagb-post__cta\">\n\t\t\t\t\t<a class=\"uagb-post__link uagb-text-link\" href=\"https:\/\/cedral-slp.gob.mx\/2018-2021\/tercera-entrega-del-programa-emergente-de-atencion-al-estiaje\/\" target=\"_self\" rel=\"bookmark noopener noreferrer\">Leer M\u00e1s<\/a>\n\t\t\t\t<\/div>\n\t\t\t<\/div>\n\t\t\t\t\t\t\t\t<\/div>\n\t\t\t\t\t\t\t\t\t<\/article>\n\t\t\t\t\t\t\t\t<article >\n\t\t\t\t\t\t\t\t\t\t<div class=\"uagb-post__inner-wrap\">\n\t\t\t\t\t\t\t\t\t<a class=\"uagb-post__link-complete-box\" href=\"https:\/\/cedral-slp.gob.mx\/2018-2021\/programa-de-mejoramiento-a-la-vivienda\/\" target=\"_self\" rel=\"bookmark noopener noreferrer\"><\/a>\n\t\t\t\t\t\t\t\t\t\t\t\t<div class='uagb-post__image'>\n\t\t\t\t<a href=\"https:\/\/cedral-slp.gob.mx\/2018-2021\/programa-de-mejoramiento-a-la-vivienda\/\" target=\"_self\" rel=\"bookmark noopener noreferrer\"><img width=\"300\" height=\"199\" src=\"https:\/\/cedral-slp.gob.mx\/2018-2021\/wp-content\/uploads\/2019\/06\/apoyovivienda-300x199.jpg\" class=\"attachment-medium size-medium\" alt=\"\" loading=\"lazy\" srcset=\"https:\/\/cedral-slp.gob.mx\/2018-2021\/wp-content\/uploads\/2019\/06\/apoyovivienda-300x199.jpg 300w, https:\/\/cedral-slp.gob.mx\/2018-2021\/wp-content\/uploads\/2019\/06\/apoyovivienda-768x510.jpg 768w, https:\/\/cedral-slp.gob.mx\/2018-2021\/wp-content\/uploads\/2019\/06\/apoyovivienda.jpg 960w\" sizes=\"(max-width: 300px) 100vw, 300px\" \/>\t\t\t\t<\/a>\n\t\t\t<\/div>\n\t\t\t\t\t\t<div class='uagb-post__text'> \n\t\t\t\t<h3 class=\"uagb-post__title\">\n\t\t\t\t\t<a href=\"https:\/\/cedral-slp.gob.mx\/2018-2021\/programa-de-mejoramiento-a-la-vivienda\/\" target=\"_self\" rel=\"bookmark noopener noreferrer\">Programa de mejoramiento a la vivienda<\/a>\n\t\t\t\t<\/h3>\n\t\t\t<\/div>\n\t\t\t\t\t\t<div class='uagb-post__text'> \n\t\t\t<div class=\"uagb-post-grid-byline\">\n\t\t\t\t\t\t\t\t<time datetime=\"2019-06-26T22:02:09-05:00\" class=\"uagb-post__date\">\n\t\t\t\t\t<span class=\"dashicons-calendar dashicons\"><\/span>\n\t\t\t\t\t26 junio, 2019\t\t\t\t<\/time>\n\t\t\t\t\t\t<\/div>\n\t\t\t<\/div>\n\t\t\t\t\t\t\t<div class='uagb-post__text'> \n\t\t\t\t\t<div class=\"uagb-post__excerpt\">\n\t\t\t\t\t\tEl Presidente Municipal, Jos\u00e9 Homero Mata Camarillo, realiz\u00f3 el recorrido por algunas de las comunidades de Cedral para hacer&#8230;\t\t\t\t\t<\/div>\n\t\t\t<\/div>\n\t\t\t\t\t\t<div class='uagb-post__text'> \n\t\t\t\t<div class=\"uagb-post__cta\">\n\t\t\t\t\t<a class=\"uagb-post__link uagb-text-link\" href=\"https:\/\/cedral-slp.gob.mx\/2018-2021\/programa-de-mejoramiento-a-la-vivienda\/\" target=\"_self\" rel=\"bookmark noopener noreferrer\">Leer M\u00e1s<\/a>\n\t\t\t\t<\/div>\n\t\t\t<\/div>\n\t\t\t\t\t\t\t\t<\/div>\n\t\t\t\t\t\t\t\t\t<\/article>\n\t\t\t\t\t\t\t\t<article >\n\t\t\t\t\t\t\t\t\t\t<div class=\"uagb-post__inner-wrap\">\n\t\t\t\t\t\t\t\t\t<a class=\"uagb-post__link-complete-box\" href=\"https:\/\/cedral-slp.gob.mx\/2018-2021\/certificacion-de-servidores-publicos\/\" target=\"_self\" rel=\"bookmark noopener noreferrer\"><\/a>\n\t\t\t\t\t\t\t\t\t\t\t\t<div class='uagb-post__image'>\n\t\t\t\t<a href=\"https:\/\/cedral-slp.gob.mx\/2018-2021\/certificacion-de-servidores-publicos\/\" target=\"_self\" rel=\"bookmark noopener noreferrer\"><img width=\"300\" height=\"168\" src=\"https:\/\/cedral-slp.gob.mx\/2018-2021\/wp-content\/uploads\/2019\/06\/certificacion-300x168.jpg\" class=\"attachment-medium size-medium\" alt=\"\" loading=\"lazy\" srcset=\"https:\/\/cedral-slp.gob.mx\/2018-2021\/wp-content\/uploads\/2019\/06\/certificacion-300x168.jpg 300w, https:\/\/cedral-slp.gob.mx\/2018-2021\/wp-content\/uploads\/2019\/06\/certificacion-768x430.jpg 768w, https:\/\/cedral-slp.gob.mx\/2018-2021\/wp-content\/uploads\/2019\/06\/certificacion.jpg 960w\" sizes=\"(max-width: 300px) 100vw, 300px\" \/>\t\t\t\t<\/a>\n\t\t\t<\/div>\n\t\t\t\t\t\t<div class='uagb-post__text'> \n\t\t\t\t<h3 class=\"uagb-post__title\">\n\t\t\t\t\t<a href=\"https:\/\/cedral-slp.gob.mx\/2018-2021\/certificacion-de-servidores-publicos\/\" target=\"_self\" rel=\"bookmark noopener noreferrer\">Certificaci\u00f3n de servidores p\u00fablicos<\/a>\n\t\t\t\t<\/h3>\n\t\t\t<\/div>\n\t\t\t\t\t\t<div class='uagb-post__text'> \n\t\t\t<div class=\"uagb-post-grid-byline\">\n\t\t\t\t\t\t\t\t<time datetime=\"2019-06-26T21:17:56-05:00\" class=\"uagb-post__date\">\n\t\t\t\t\t<span class=\"dashicons-calendar dashicons\"><\/span>\n\t\t\t\t\t26 junio, 2019\t\t\t\t<\/time>\n\t\t\t\t\t\t<\/div>\n\t\t\t<\/div>\n\t\t\t\t\t\t\t<div class='uagb-post__text'> \n\t\t\t\t\t<div class=\"uagb-post__excerpt\">\n\t\t\t\t\t\tEsta ma\u00f1ana hizo entrega el Dr. Armando Arturo Casillas Casta\u00f1eda&#8230;\t\t\t\t\t<\/div>\n\t\t\t<\/div>\n\t\t\t\t\t\t<div class='uagb-post__text'> \n\t\t\t\t<div class=\"uagb-post__cta\">\n\t\t\t\t\t<a class=\"uagb-post__link uagb-text-link\" href=\"https:\/\/cedral-slp.gob.mx\/2018-2021\/certificacion-de-servidores-publicos\/\" target=\"_self\" rel=\"bookmark noopener noreferrer\">Leer M\u00e1s<\/a>\n\t\t\t\t<\/div>\n\t\t\t<\/div>\n\t\t\t\t\t\t\t\t<\/div>\n\t\t\t\t\t\t\t\t\t<\/article>\n\t\t\t\t\t\t\t\t<\/div>\n\t\t\t\t\t\t\t<\/div>\n\t\t\t<\/div><\/section>\n","protected":false},"excerpt":{"rendered":"<p>Notas de prensa de las obras y acciones en mejora del municipio de Cedral, San Luis Potos\u00ed, emprendidas el H. Ayuntamiento 2018 \u2013 2021, as\u00ed como avisos de eventos culturales y art\u00edsticos del municipio.<\/p>\n","protected":false},"author":1,"featured_media":0,"parent":0,"menu_order":0,"comment_status":"closed","ping_status":"closed","template":"","meta":[],"uagb_featured_image_src":{"full":false,"thumbnail":false,"medium":false,"medium_large":false,"large":false,"1536x1536":false,"2048x2048":false},"uagb_author_info":{"display_name":"RSerrato","author_link":"https:\/\/cedral-slp.gob.mx\/2018-2021\/author\/rserrato\/"},"uagb_comment_info":0,"uagb_excerpt":"Notas de prensa de las obras y acciones en mejora del municipio de Cedral, San Luis Potos\u00ed, emprendidas el H. Ayuntamiento 2018 \u2013 2021, as\u00ed como avisos de eventos culturales y art\u00edsticos del municipio.","_links":{"self":[{"href":"https:\/\/cedral-slp.gob.mx\/2018-2021\/wp-json\/wp\/v2\/pages\/1009"}],"collection":[{"href":"https:\/\/cedral-slp.gob.mx\/2018-2021\/wp-json\/wp\/v2\/pages"}],"about":[{"href":"https:\/\/cedral-slp.gob.mx\/2018-2021\/wp-json\/wp\/v2\/types\/page"}],"author":[{"embeddable":true,"href":"https:\/\/cedral-slp.gob.mx\/2018-2021\/wp-json\/wp\/v2\/users\/1"}],"replies":[{"embeddable":true,"href":"https:\/\/cedral-slp.gob.mx\/2018-2021\/wp-json\/wp\/v2\/comments?post=1009"}],"version-history":[{"count":0,"href":"https:\/\/cedral-slp.gob.mx\/2018-2021\/wp-json\/wp\/v2\/pages\/1009\/revisions"}],"wp:attachment":[{"href":"https:\/\/cedral-slp.gob.mx\/2018-2021\/wp-json\/wp\/v2\/media?parent=1009"}],"curies":[{"name":"wp","href":"https:\/\/api.w.org\/{rel}","templated":true}]}}